{"id":77,"date":"2023-11-14T16:31:24","date_gmt":"2023-11-14T16:31:24","guid":{"rendered":"https:\/\/florestas.ufam.edu.br\/floraeconomica\/?page_id=77"},"modified":"2024-08-30T12:32:09","modified_gmt":"2024-08-30T12:32:09","slug":"home","status":"publish","type":"page","link":"https:\/\/florestas.ufam.edu.br\/floraeconomica\/","title":{"rendered":""},"content":{"rendered":"<div id=\"metaslider-id-6586\" style=\"width: 100%; margin: 0 auto;\" class=\"ml-slider-3-97-0 metaslider metaslider-flex metaslider-6586 ml-slider ms-theme-highway nav-hidden\" role=\"region\" aria-roledescription=\"Slideshow\" aria-label=\"Slide capa\" data-width=\"750\">\n    <div id=\"metaslider_container_6586\">\n        <div id=\"metaslider_6586\">\n            <ul class='slides'>\n                <li style=\"display: block; width: 100%;\" class=\"slide-6759 ms-image \" aria-roledescription=\"slide\" aria-label=\"slide-6759\" data-date=\"2024-11-21 14:34:43\"><img loading=\"lazy\" decoding=\"async\" src=\"https:\/\/florestas.ufam.edu.br\/floraeconomica\/wp-content\/uploads\/2024\/11\/caroba.jpg\" height=\"400\" width=\"750\" alt=\"\" class=\"slider-6586 slide-6759\" \/><div class=\"caption-wrap\"><div class=\"caption\"><div style=\"text-align:center;\"><a href=\"https:\/\/florestas.ufam.edu.br\/floraeconomica\/especies\/caroba\/\">A caroba \u00e9 uma \u00e1rvore pioneira, que coloniza \u00e1reas abertas. Saiba mais<\/a><\/div><\/div><\/div><\/li>\n                <li style=\"display: none; width: 100%;\" class=\"slide-6761 ms-image \" aria-roledescription=\"slide\" aria-label=\"slide-6761\" data-date=\"2024-11-21 14:34:43\"><img loading=\"lazy\" decoding=\"async\" src=\"https:\/\/florestas.ufam.edu.br\/floraeconomica\/wp-content\/uploads\/2024\/11\/cedro.jpg\" height=\"400\" width=\"750\" alt=\"\" class=\"slider-6586 slide-6761\" \/><div class=\"caption-wrap\"><div class=\"caption\"><div style=\"text-align:center;\"><a href=\"https:\/\/florestas.ufam.edu.br\/floraeconomica\/especies\/cedro\/\">O cedro \u00e9 uma das esp\u00e9cies mais exploradas ao longo dos s\u00e9culos. Saiba mais<\/a><\/div><\/div><\/div><\/li>\n                <li style=\"display: none; width: 100%;\" class=\"slide-6758 ms-image \" aria-roledescription=\"slide\" aria-label=\"slide-6758\" data-date=\"2024-11-21 14:34:43\"><img loading=\"lazy\" decoding=\"async\" src=\"https:\/\/florestas.ufam.edu.br\/floraeconomica\/wp-content\/uploads\/2024\/11\/angelim-rajado.jpg\" height=\"400\" width=\"750\" alt=\"\" class=\"slider-6586 slide-6758\" \/><div class=\"caption-wrap\"><div class=\"caption\"><div style=\"text-align:center;\"><a href=\"https:\/\/florestas.ufam.edu.br\/floraeconomica\/especies\/angelim-rajado\/\">O angelim-rajado \u00e9 uma \u00e1rvore imponente da floresta. Clique para ler mais<\/a><\/div><\/div><\/div><\/li>\n                <li style=\"display: none; width: 100%;\" class=\"slide-6760 ms-image \" aria-roledescription=\"slide\" aria-label=\"slide-6760\" data-date=\"2024-11-21 14:34:43\"><img loading=\"lazy\" decoding=\"async\" src=\"https:\/\/florestas.ufam.edu.br\/floraeconomica\/wp-content\/uploads\/2024\/11\/castanha-para.jpg\" height=\"400\" width=\"750\" alt=\"\" class=\"slider-6586 slide-6760\" \/><div class=\"caption-wrap\"><div class=\"caption\"><div style=\"text-align:center;\"><a href=\"https:\/\/florestas.ufam.edu.br\/floraeconomica\/especies\/castanha-do-para\/\">A Castanha-do-Par\u00e1 ficou famosa no mundo todo pelas suas sementes. Clique e saiba mais<\/a><\/div><\/div><\/div><\/li>\n            <\/ul>\n        <\/div>\n        \n    <\/div>\n<\/div>\n<div id=\"gallery\"><\/div>\n","protected":false},"excerpt":{"rendered":"","protected":false},"author":1,"featured_media":0,"parent":0,"menu_order":0,"comment_status":"closed","ping_status":"closed","template":"","meta":{"footnotes":""},"tnc_tax_163":[],"class_list":["post-77","page","type-page","status-publish","hentry"],"blocksy_meta":[],"_links":{"self":[{"href":"https:\/\/florestas.ufam.edu.br\/floraeconomica\/wp-json\/wp\/v2\/pages\/77","targetHints":{"allow":["GET"]}}],"collection":[{"href":"https:\/\/florestas.ufam.edu.br\/floraeconomica\/wp-json\/wp\/v2\/pages"}],"about":[{"href":"https:\/\/florestas.ufam.edu.br\/floraeconomica\/wp-json\/wp\/v2\/types\/page"}],"author":[{"embeddable":true,"href":"https:\/\/florestas.ufam.edu.br\/floraeconomica\/wp-json\/wp\/v2\/users\/1"}],"replies":[{"embeddable":true,"href":"https:\/\/florestas.ufam.edu.br\/floraeconomica\/wp-json\/wp\/v2\/comments?post=77"}],"version-history":[{"count":7,"href":"https:\/\/florestas.ufam.edu.br\/floraeconomica\/wp-json\/wp\/v2\/pages\/77\/revisions"}],"predecessor-version":[{"id":6589,"href":"https:\/\/florestas.ufam.edu.br\/floraeconomica\/wp-json\/wp\/v2\/pages\/77\/revisions\/6589"}],"wp:attachment":[{"href":"https:\/\/florestas.ufam.edu.br\/floraeconomica\/wp-json\/wp\/v2\/media?parent=77"}],"wp:term":[{"taxonomy":"tnc_tax_163","embeddable":true,"href":"https:\/\/florestas.ufam.edu.br\/floraeconomica\/wp-json\/wp\/v2\/tnc_tax_163?post=77"}],"curies":[{"name":"wp","href":"https:\/\/api.w.org\/{rel}","templated":true}]}}