{"id":40,"date":"2023-11-14T14:59:02","date_gmt":"2023-11-14T14:59:02","guid":{"rendered":"https:\/\/florestas.ufam.edu.br\/floraeconomica\/?page_id=40"},"modified":"2023-11-21T17:19:37","modified_gmt":"2023-11-21T17:19:37","slug":"sobre-o-projeto","status":"publish","type":"page","link":"https:\/\/florestas.ufam.edu.br\/floraeconomica\/sobre-o-projeto\/","title":{"rendered":"Sobre o projeto"},"content":{"rendered":"<p>O projeto FLORA ECON\u00d4MICA \u00e9 desenvolvido pelo curso de Engenharia Florestal da Universidade Federal do Amazonas. Encontra-se institucionalizado pelo Programa Institucional de Bolsas de Inicia\u00e7\u00e3o em Desenvolvimento Tecnol\u00f3gico e Inova\u00e7\u00e3o (PIBITI), programa coordenado pela Pr\u00f3-Reitoria de Inova\u00e7\u00e3o Tecnol\u00f3gica (PROTEC\/UFAM).<\/p>\n<p>Constitui-se de um reposit\u00f3rio digital sobre esp\u00e9cies florestais arb\u00f3reas amaz\u00f4nicas, com foco no potencial econ\u00f4mico, tendo por meta reunir um conjunto volumoso de informa\u00e7\u00f5es confi\u00e1veis, resultado de mais de tr\u00eas d\u00e9cadas de pesquisa do curso de engenharia florestal da Universidade Federal do Amazonas. Al\u00e9m de informa\u00e7\u00f5es bot\u00e2nicas e fenol\u00f3gicas essenciais, pretende-se<br \/>\nincluir caracter\u00edsticas de germina\u00e7\u00e3o, plantio, produ\u00e7\u00e3o de exsudatos, frutifica\u00e7\u00e3o, usos potenciais, uso terap\u00eautico, principais fornecedores, dentre outros.<br \/>\nO site \u00e9 de acesso gratuito e est\u00e1 dispon\u00edvel para todos os que precisarem de informa\u00e7\u00f5es para pesquisas, para subsidiar investimentos financeiros em projetos envolvendo a biodiversidade, bioeconomia, apoio did\u00e1tico a docentes e discentes e conhecimento em geral do potencial das esp\u00e9cies arb\u00f3reas nativas da Amaz\u00f4nia brasileira.<\/p>\n<p>Coordena\u00e7\u00e3o: Prof. Dr. Francisco Tarc\u00edsio Moraes Mady<\/p>\n<p>Discente respons\u00e1vel: Nicole Costa de Albuquerque<\/p>\n<p>Colaboradores:<br \/>\nProf. Dr. Luiz Roberto Coelho Nascimento, do Departamento de Economia e An\u00e1lise\/UFAM<br \/>\nProf. Dr. Ulisses Silva da Cunha, Departamento de Ci\u00eancias Florestais\/UFAM<\/p>\n","protected":false},"excerpt":{"rendered":"<p>O projeto FLORA ECON\u00d4MICA \u00e9 desenvolvido pelo curso de Engenharia Florestal da Universidade Federal do Amazonas. Encontra-se institucionalizado pelo Programa Institucional de Bolsas de Inicia\u00e7\u00e3o em Desenvolvimento Tecnol\u00f3gico e Inova\u00e7\u00e3o (PIBITI), programa coordenado pela Pr\u00f3-Reitoria de Inova\u00e7\u00e3o Tecnol\u00f3gica (PROTEC\/UFAM). Constitui-se de um reposit\u00f3rio digital sobre esp\u00e9cies florestais arb\u00f3reas amaz\u00f4nicas, com foco no potencial econ\u00f4mico, tendo [&hellip;]<\/p>\n","protected":false},"author":1,"featured_media":0,"parent":0,"menu_order":0,"comment_status":"closed","ping_status":"closed","template":"","meta":{"footnotes":""},"tnc_tax_163":[],"class_list":["post-40","page","type-page","status-publish","hentry"],"blocksy_meta":[],"_links":{"self":[{"href":"https:\/\/florestas.ufam.edu.br\/floraeconomica\/wp-json\/wp\/v2\/pages\/40","targetHints":{"allow":["GET"]}}],"collection":[{"href":"https:\/\/florestas.ufam.edu.br\/floraeconomica\/wp-json\/wp\/v2\/pages"}],"about":[{"href":"https:\/\/florestas.ufam.edu.br\/floraeconomica\/wp-json\/wp\/v2\/types\/page"}],"author":[{"embeddable":true,"href":"https:\/\/florestas.ufam.edu.br\/floraeconomica\/wp-json\/wp\/v2\/users\/1"}],"replies":[{"embeddable":true,"href":"https:\/\/florestas.ufam.edu.br\/floraeconomica\/wp-json\/wp\/v2\/comments?post=40"}],"version-history":[{"count":7,"href":"https:\/\/florestas.ufam.edu.br\/floraeconomica\/wp-json\/wp\/v2\/pages\/40\/revisions"}],"predecessor-version":[{"id":1176,"href":"https:\/\/florestas.ufam.edu.br\/floraeconomica\/wp-json\/wp\/v2\/pages\/40\/revisions\/1176"}],"wp:attachment":[{"href":"https:\/\/florestas.ufam.edu.br\/floraeconomica\/wp-json\/wp\/v2\/media?parent=40"}],"wp:term":[{"taxonomy":"tnc_tax_163","embeddable":true,"href":"https:\/\/florestas.ufam.edu.br\/floraeconomica\/wp-json\/wp\/v2\/tnc_tax_163?post=40"}],"curies":[{"name":"wp","href":"https:\/\/api.w.org\/{rel}","templated":true}]}}