{"id":149,"date":"2023-11-17T12:04:35","date_gmt":"2023-11-17T15:04:35","guid":{"rendered":"https:\/\/florestas.ufam.edu.br\/amazoniali\/?page_id=149"},"modified":"2024-08-27T23:29:29","modified_gmt":"2024-08-28T02:29:29","slug":"capa","status":"publish","type":"page","link":"https:\/\/florestas.ufam.edu.br\/amazoniali\/","title":{"rendered":""},"content":{"rendered":"<div id=\"metaslider-id-787\" style=\"width: 100%;\" class=\"ml-slider-3-90-1 metaslider metaslider-flex metaslider-787 ml-slider ms-theme-default\" role=\"region\" aria-roledescription=\"Slideshow\" aria-label=\"New Slideshow\">\n    <div id=\"metaslider_container_787\">\n        <div id=\"metaslider_787\">\n            <ul class='slides'>\n                <li style=\"display: none; width: 100%;\" class=\"slide-796 ms-image \" aria-roledescription=\"slide\" aria-label=\"slide-796\"><img loading=\"lazy\" decoding=\"async\" src=\"https:\/\/florestas.ufam.edu.br\/amazoniali\/wp-content\/uploads\/2024\/08\/slider01.jpg\" height=\"300\" width=\"700\" alt=\"\" class=\"slider-787 slide-796\" \/><div class=\"caption-wrap\"><div class=\"caption\"><div style=\"text-align:center;\"><span style=\"color:rgb(241,196,15);\"><a style=\"color:rgb(241,196,15);\" href=\"https:\/\/florestas.ufam.edu.br\/amazoniali\/2023\/12\/12\/mamiferos\/#uacari\"><strong>Que tal conhecer o Uacari-branco? um macaco muito diferente!<\/strong><\/a><\/span><\/div><\/div><\/div><\/li>\n                <li style=\"display: none; width: 100%;\" class=\"slide-803 ms-image \" aria-roledescription=\"slide\" aria-label=\"slide-803\"><img loading=\"lazy\" decoding=\"async\" src=\"https:\/\/florestas.ufam.edu.br\/amazoniali\/wp-content\/uploads\/2024\/08\/slider06.jpg\" height=\"300\" width=\"700\" alt=\"\" class=\"slider-787 slide-803\" \/><div class=\"caption-wrap\"><div class=\"caption\"><div style=\"text-align:center;\"><span style=\"color:rgb(241,196,15);\"><a style=\"color:rgb(241,196,15);\" href=\"https:\/\/florestas.ufam.edu.br\/amazoniali\/2023\/12\/15\/passaros\/#arara\"><strong>Toda colorida e muito simp\u00e1tica: venha conhecer a arara!<\/strong><\/a><\/span><\/div><\/div><\/div><\/li>\n                <li style=\"display: none; width: 100%;\" class=\"slide-852 ms-image \" aria-roledescription=\"slide\" aria-label=\"slide-852\"><img loading=\"lazy\" decoding=\"async\" src=\"https:\/\/florestas.ufam.edu.br\/amazoniali\/wp-content\/uploads\/2024\/08\/slider07.jpg\" height=\"300\" width=\"700\" alt=\"\" class=\"slider-787 slide-852\" \/><div class=\"caption-wrap\"><div class=\"caption\"><div style=\"text-align:center;\"><span style=\"color:rgb(241,196,15);\"><a style=\"color:rgb(241,196,15);\" href=\"https:\/\/florestas.ufam.edu.br\/amazoniali\/2023\/12\/15\/peixes\/#tucunare\"><strong>Ele come de tudo: \u00e9 o tucunar\u00e9, peixe t\u00edpico da Amaz\u00f4nica<\/strong><\/a><\/span><\/div><\/div><\/div><\/li>\n                <li style=\"display: none; width: 100%;\" class=\"slide-797 ms-image \" aria-roledescription=\"slide\" aria-label=\"slide-797\"><img loading=\"lazy\" decoding=\"async\" src=\"https:\/\/florestas.ufam.edu.br\/amazoniali\/wp-content\/uploads\/2024\/08\/slider02.jpg\" height=\"300\" width=\"700\" alt=\"\" class=\"slider-787 slide-797\" \/><div class=\"caption-wrap\"><div class=\"caption\"><div style=\"text-align:center;\"><span style=\"color:rgb(241,196,15);\"><strong><a style=\"color:rgb(241,196,15);\" href=\"https:\/\/florestas.ufam.edu.br\/amazoniali\/2024\/02\/05\/frutiferas\/#graviola\">Que del\u00edcia \u00e9 a graviola! Quer saber mais sobre ela? Clica aqui<\/a><\/strong><\/span><\/div><\/div><\/div><\/li>\n                <li style=\"display: none; width: 100%;\" class=\"slide-802 ms-image \" aria-roledescription=\"slide\" aria-label=\"slide-802\"><img loading=\"lazy\" decoding=\"async\" src=\"https:\/\/florestas.ufam.edu.br\/amazoniali\/wp-content\/uploads\/2024\/08\/slider05.jpg\" height=\"300\" width=\"700\" alt=\"\" class=\"slider-787 slide-802\" \/><div class=\"caption-wrap\"><div class=\"caption\"><div style=\"text-align:center;\"><span style=\"color:rgb(241,196,15);\"><a style=\"color:rgb(241,196,15);\" href=\"https:\/\/florestas.ufam.edu.br\/amazoniali\/2023\/12\/14\/aracnideos\/\"><strong>Se liga na aranha-golias, comedora de p\u00e1ssaros! Clica para ler mais<\/strong><\/a><\/span><\/div><\/div><\/div><\/li>\n                <li style=\"display: none; width: 100%;\" class=\"slide-798 ms-image \" aria-roledescription=\"slide\" aria-label=\"slide-798\"><img loading=\"lazy\" decoding=\"async\" src=\"https:\/\/florestas.ufam.edu.br\/amazoniali\/wp-content\/uploads\/2024\/08\/slider03.jpg\" height=\"300\" width=\"700\" alt=\"\" class=\"slider-787 slide-798\" \/><div class=\"caption-wrap\"><div class=\"caption\"><div style=\"text-align:center;\"><span style=\"color:rgb(241,196,15);\"><a style=\"color:rgb(241,196,15);\" href=\"https:\/\/florestas.ufam.edu.br\/amazoniali\/2023\/11\/19\/matinta-pereira\/\"><strong>Voc\u00ea conhece a lenda da Matinta Pereira? Saiba mais&gt;&gt;<\/strong><\/a><\/span><\/div><\/div><\/div><\/li>\n                <li style=\"display: none; width: 100%;\" class=\"slide-799 ms-image \" aria-roledescription=\"slide\" aria-label=\"slide-799\"><img loading=\"lazy\" decoding=\"async\" src=\"https:\/\/florestas.ufam.edu.br\/amazoniali\/wp-content\/uploads\/2024\/08\/slider04.jpg\" height=\"300\" width=\"700\" alt=\"\" class=\"slider-787 slide-799\" \/><div class=\"caption-wrap\"><div class=\"caption\"><div style=\"text-align:center;\"><span style=\"color:rgb(241,196,15);\"><a style=\"color:rgb(241,196,15);\" href=\"https:\/\/florestas.ufam.edu.br\/amazoniali\/2023\/11\/19\/manicoba\/\"><strong>A mani\u00e7oba \u00e9 uma iguaria t\u00edpica da culin\u00e1ria paraense. Leia mais aqui<\/strong><\/a><\/span><\/div><\/div><\/div><\/li>\n            <\/ul>\n        <\/div>\n        \n    <\/div>\n<\/div>\n<div id=\"gallery\"><\/div>\n<div class=\"pdfprnt-buttons pdfprnt-buttons-page pdfprnt-bottom-left\"><a href=\"https:\/\/florestas.ufam.edu.br\/amazoniali\/wp-json\/wp\/v2\/pages\/149?print=pdf\" class=\"pdfprnt-button pdfprnt-button-pdf\" target=\"_blank\"><\/a><a href=\"https:\/\/florestas.ufam.edu.br\/amazoniali\/wp-json\/wp\/v2\/pages\/149?print=print\" class=\"pdfprnt-button pdfprnt-button-print\" target=\"_blank\"><img decoding=\"async\" src=\"https:\/\/florestas.ufam.edu.br\/amazoniali\/wp-content\/plugins\/pdf-print\/images\/print.png\" alt=\"image_print\" title=\"Conte\u00fado de impress\u00e3o\" \/><span class=\"pdfprnt-button-title pdfprnt-button-print-title\">Imprima uma vers\u00e3o desta p\u00e1gina em pdf<\/span><\/a><\/div>","protected":false},"excerpt":{"rendered":"","protected":false},"author":1,"featured_media":0,"parent":0,"menu_order":0,"comment_status":"closed","ping_status":"closed","template":"","meta":{"footnotes":""},"class_list":["post-149","page","type-page","status-publish","hentry"],"blocksy_meta":[],"ams_acf":[],"_links":{"self":[{"href":"https:\/\/florestas.ufam.edu.br\/amazoniali\/wp-json\/wp\/v2\/pages\/149","targetHints":{"allow":["GET"]}}],"collection":[{"href":"https:\/\/florestas.ufam.edu.br\/amazoniali\/wp-json\/wp\/v2\/pages"}],"about":[{"href":"https:\/\/florestas.ufam.edu.br\/amazoniali\/wp-json\/wp\/v2\/types\/page"}],"author":[{"embeddable":true,"href":"https:\/\/florestas.ufam.edu.br\/amazoniali\/wp-json\/wp\/v2\/users\/1"}],"replies":[{"embeddable":true,"href":"https:\/\/florestas.ufam.edu.br\/amazoniali\/wp-json\/wp\/v2\/comments?post=149"}],"version-history":[{"count":13,"href":"https:\/\/florestas.ufam.edu.br\/amazoniali\/wp-json\/wp\/v2\/pages\/149\/revisions"}],"predecessor-version":[{"id":867,"href":"https:\/\/florestas.ufam.edu.br\/amazoniali\/wp-json\/wp\/v2\/pages\/149\/revisions\/867"}],"wp:attachment":[{"href":"https:\/\/florestas.ufam.edu.br\/amazoniali\/wp-json\/wp\/v2\/media?parent=149"}],"curies":[{"name":"wp","href":"https:\/\/api.w.org\/{rel}","templated":true}]}}